{"id":98,"date":"2018-09-18T14:20:21","date_gmt":"2018-09-18T14:20:21","guid":{"rendered":"http:\/\/localhost:8888\/pulse\/?page_id=98"},"modified":"2025-04-24T07:47:06","modified_gmt":"2025-04-24T07:47:06","slug":"about","status":"publish","type":"page","link":"https:\/\/www.pulse.uy\/en\/about\/","title":{"rendered":"About"},"content":{"rendered":"<p style=\"text-align: center;\"><span style=\"font-size: 12pt;\"><strong>PULSE<\/strong> IS A MULTIMEDIA ELECTRONIC MUSIC PLATFORM THAT PROMOTES CULTURE THROUGH INNOVATION, TECHNOLOGY AND VISUAL ARTS<\/span><\/p>","protected":false},"excerpt":{"rendered":"<p>PULSE ES UNA PLATAFORMA MULTIMEDIA DE M\u00daSICA ELECTR\u00d3NICA QUE FOMENTA LA CULTURA A TRAV\u00c9S DE LA VANGUARDIA, TECNOLOG\u00cdA Y ARTES VISUALES. [&#8230;]<\/p>\n<p><a class=\"btn btn-secondary understrap-read-more-link\" href=\"https:\/\/www.pulse.uy\/en\/about\/\">Read More&#8230;<span class=\"screen-reader-text\"> from Qui\u00e9nes Somos<\/span><\/a><\/p>\n","protected":false},"author":1,"featured_media":0,"parent":0,"menu_order":0,"comment_status":"closed","ping_status":"closed","template":"about.php","meta":{"_acf_changed":false,"footnotes":""},"class_list":["post-98","page","type-page","status-publish","hentry"],"acf":[],"_links":{"self":[{"href":"https:\/\/www.pulse.uy\/en\/wp-json\/wp\/v2\/pages\/98","targetHints":{"allow":["GET"]}}],"collection":[{"href":"https:\/\/www.pulse.uy\/en\/wp-json\/wp\/v2\/pages"}],"about":[{"href":"https:\/\/www.pulse.uy\/en\/wp-json\/wp\/v2\/types\/page"}],"author":[{"embeddable":true,"href":"https:\/\/www.pulse.uy\/en\/wp-json\/wp\/v2\/users\/1"}],"replies":[{"embeddable":true,"href":"https:\/\/www.pulse.uy\/en\/wp-json\/wp\/v2\/comments?post=98"}],"version-history":[{"count":0,"href":"https:\/\/www.pulse.uy\/en\/wp-json\/wp\/v2\/pages\/98\/revisions"}],"wp:attachment":[{"href":"https:\/\/www.pulse.uy\/en\/wp-json\/wp\/v2\/media?parent=98"}],"curies":[{"name":"wp","href":"https:\/\/api.w.org\/{rel}","templated":true}]}}